{"id":171,"date":"2021-05-10T14:00:32","date_gmt":"2021-05-10T14:00:32","guid":{"rendered":"http:\/\/www.congresonacionalcolor.com\/2022\/?page_id=171"},"modified":"2022-06-28T11:10:33","modified_gmt":"2022-06-28T11:10:33","slug":"programa-preliminar","status":"publish","type":"page","link":"https:\/\/www.congresonacionalcolor.com\/2022\/programa-preliminar\/","title":{"rendered":"Programa"},"content":{"rendered":"<p>[vc_row row_type=\u00bbrow\u00bb use_row_as_full_screen_section=\u00bbno\u00bb type=\u00bbfull_width\u00bb text_align=\u00bbleft\u00bb background_animation=\u00bbnone\u00bb css_animation=\u00bb\u00bb][vc_column parallax=\u00bbcontent-moving\u00bb parallax_image=\u00bb163&#8243; css=\u00bb.vc_custom_1620654170810{padding-top: 60px !important;padding-bottom: 60px !important;}\u00bb][vc_row_inner row_type=\u00bbrow\u00bb type=\u00bbgrid\u00bb use_row_as_full_screen_section_slide=\u00bbno\u00bb text_align=\u00bbleft\u00bb css_animation=\u00bb\u00bb][vc_column_inner][vc_column_text]<\/p>\n<h2 style=\"text-align: center;\"><span style=\"color: #ffffff;\">Programa<br \/>\n<\/span><\/h2>\n<p>[\/vc_column_text][vc_empty_space height=\u00bb5px\u00bb][vc_column_text el_class=\u00bbsubtitulo\u00bb]<\/p>\n<h4 class=\"subtitulo\">Horarios del 29 de junio al 1 de julio<\/h4>\n<p>[\/vc_column_text][\/vc_column_inner][\/vc_row_inner][\/vc_column][\/vc_row][vc_row row_type=\u00bbrow\u00bb use_row_as_full_screen_section=\u00bbno\u00bb type=\u00bbgrid\u00bb text_align=\u00bbleft\u00bb background_animation=\u00bbnone\u00bb css_animation=\u00bb\u00bb css=\u00bb.vc_custom_1653988547634{margin-top: 80px !important;margin-bottom: 60px !important;}\u00bb][vc_column el_class=\u00bbboton-centro\u00bb]<a href=\"https:\/\/www.congresonacionalcolor.com\/2022\/wp-content\/uploads\/2022\/06\/Programa_CNC22_provisional_v11_red.pdf\" target=\"_blank\" data-hover-background-color='#cc922a'  class=\"qbutton  large\" style=\"color: #ffffff; background-color: #f9b233;\">DESCARGA EL PROGRAMA CNC 2022<\/a>[\/vc_column][\/vc_row][vc_row row_type=\u00bbrow\u00bb use_row_as_full_screen_section=\u00bbno\u00bb type=\u00bbgrid\u00bb text_align=\u00bbleft\u00bb background_animation=\u00bbnone\u00bb css_animation=\u00bb\u00bb css=\u00bb.vc_custom_1620657148348{margin-top: 60px !important;margin-bottom: 60px !important;}\u00bb][vc_column width=\u00bb1\/3&#8243; offset=\u00bbvc_hidden-lg vc_hidden-md vc_hidden-sm vc_hidden-xs\u00bb][vc_column_text]<\/p>\n<p class=\"intro\"><div id=\"footable_parent_176\"\n     class=\"footable_parent ninja_table_wrapper loading_ninja_table wp_table_data_press_parent semantic_ui \">\n                <table data-ninja_table_instance=\"ninja_table_instance_0\" data-footable_id=\"176\" data-filter-delay=\"1000\" aria-label=\"Programa mi\u00e9rcoles\"            id=\"footable_176\"\n           data-unique_identifier=\"ninja_table_unique_id_367444649_176\"\n           class=\" foo-table ninja_footable foo_table_176 ninja_table_unique_id_367444649_176 ui table  nt_type_ajax_table single line selectable hide_horizonal_borders striped vertical_centered  footable-paging-right ninja_table_search_disabled\">\n                <colgroup>\n                            <col class=\"ninja_column_0 \">\n                            <col class=\"ninja_column_1 \">\n                    <\/colgroup>\n            <\/table>\n    \n    \n    \n<\/div>\n<p>[\/vc_column_text][\/vc_column][vc_column width=\u00bb1\/3&#8243; offset=\u00bbvc_hidden-lg vc_hidden-md vc_hidden-sm vc_hidden-xs\u00bb][vc_column_text]<\/p>\n<p class=\"intro\"><div id=\"footable_parent_177\"\n     class=\"footable_parent ninja_table_wrapper loading_ninja_table wp_table_data_press_parent semantic_ui \">\n                <table data-ninja_table_instance=\"ninja_table_instance_1\" data-footable_id=\"177\" data-filter-delay=\"1000\" aria-label=\"Programa jueves\"            id=\"footable_177\"\n           data-unique_identifier=\"ninja_table_unique_id_1858017506_177\"\n           class=\" foo-table ninja_footable foo_table_177 ninja_table_unique_id_1858017506_177 ui table  nt_type_ajax_table single line selectable hide_horizonal_borders striped vertical_centered  footable-paging-right ninja_table_search_disabled\">\n                <colgroup>\n                            <col class=\"ninja_column_0 \">\n                            <col class=\"ninja_column_1 \">\n                    <\/colgroup>\n            <\/table>\n    \n    \n    \n<\/div>\n<p>[\/vc_column_text][\/vc_column][vc_column width=\u00bb1\/3&#8243; offset=\u00bbvc_hidden-lg vc_hidden-md vc_hidden-sm vc_hidden-xs\u00bb][vc_column_text]<\/p>\n<p class=\"intro\"><div id=\"footable_parent_178\"\n     class=\"footable_parent ninja_table_wrapper loading_ninja_table wp_table_data_press_parent semantic_ui \">\n                <table data-ninja_table_instance=\"ninja_table_instance_2\" data-footable_id=\"178\" data-filter-delay=\"1000\" aria-label=\"Programa viernes\"            id=\"footable_178\"\n           data-unique_identifier=\"ninja_table_unique_id_1086500138_178\"\n           class=\" foo-table ninja_footable foo_table_178 ninja_table_unique_id_1086500138_178 ui table  nt_type_ajax_table single line selectable hide_horizonal_borders striped vertical_centered  footable-paging-right ninja_table_search_disabled\">\n                <colgroup>\n                            <col class=\"ninja_column_0 \">\n                            <col class=\"ninja_column_1 \">\n                    <\/colgroup>\n            <\/table>\n    \n    \n    \n<\/div>\n<p>[\/vc_column_text][\/vc_column][\/vc_row][vc_row row_type=\u00bbrow\u00bb use_row_as_full_screen_section=\u00bbno\u00bb type=\u00bbgrid\u00bb text_align=\u00bbleft\u00bb background_animation=\u00bbnone\u00bb css_animation=\u00bb\u00bb css=\u00bb.vc_custom_1620651200626{margin-top: 0px !important;margin-bottom: 60px !important;}\u00bb][vc_column css=\u00bb.vc_custom_1620654956879{padding-top: 40px !important;padding-right: 20px !important;padding-bottom: 40px !important;padding-left: 20px !important;background-color: #f2f2f2 !important;}\u00bb][vc_row_inner row_type=\u00bbrow\u00bb type=\u00bbfull_width\u00bb use_row_as_full_screen_section_slide=\u00bbno\u00bb text_align=\u00bbleft\u00bb css_animation=\u00bb\u00bb][vc_column_inner css=\u00bb.vc_custom_1620651244667{padding-right: 33px !important;padding-left: 30px !important;}\u00bb][vc_column_text]<\/p>\n<h4 style=\"text-align: center;\">Para m\u00e1s informaci\u00f3n tur\u00edstica de la ciudad de Terrassa, hoteles, etc.,<br \/>\nvisitar la secci\u00f3n <a href=\"http:\/\/www.congresonacionalcolor.com\/2022\/informacion-util\/\"><u>Informaci\u00f3n \u00fatil<\/u><\/a> y la web oficial de <a href=\"https:\/\/visitaterrassa.cat\/es\/\" target=\"_blank\" rel=\"noopener\"><u>Terrassa<\/u><\/a>.<\/h4>\n<p>[\/vc_column_text][\/vc_column_inner][\/vc_row_inner][\/vc_column][\/vc_row]<\/p>\n","protected":false},"excerpt":{"rendered":"<p>[vc_row row_type=\u00bbrow\u00bb use_row_as_full_screen_section=\u00bbno\u00bb type=\u00bbfull_width\u00bb text_align=\u00bbleft\u00bb background_animation=\u00bbnone\u00bb css_animation=\u00bb\u00bb][vc_column parallax=\u00bbcontent-moving\u00bb parallax_image=\u00bb163&#8243; css=\u00bb.vc_custom_1620654170810{padding-top: 60px !important;padding-bottom: 60px !important;}\u00bb][vc_row_inner row_type=\u00bbrow\u00bb type=\u00bbgrid\u00bb use_row_as_full_screen_section_slide=\u00bbno\u00bb text_align=\u00bbleft\u00bb css_animation=\u00bb\u00bb][vc_column_inner][vc_column_text] Programa [\/vc_column_text][vc_empty_space height=\u00bb5px\u00bb][vc_column_text el_class=\u00bbsubtitulo\u00bb] Horarios del 29 de junio al 1 de julio [\/vc_column_text][\/vc_column_inner][\/vc_row_inner][\/vc_column][\/vc_row][vc_row row_type=\u00bbrow\u00bb use_row_as_full_screen_section=\u00bbno\u00bb type=\u00bbgrid\u00bb text_align=\u00bbleft\u00bb background_animation=\u00bbnone\u00bb css_animation=\u00bb\u00bb css=\u00bb.vc_custom_1653988547634{margin-top: 80px !important;margin-bottom: 60px !important;}\u00bb][vc_column el_class=\u00bbboton-centro\u00bb][\/vc_column][\/vc_row][vc_row&#8230;<\/p>\n","protected":false},"author":1,"featured_media":0,"parent":0,"menu_order":0,"comment_status":"closed","ping_status":"closed","template":"full_width.php","meta":{"footnotes":""},"class_list":["post-171","page","type-page","status-publish","hentry"],"_links":{"self":[{"href":"https:\/\/www.congresonacionalcolor.com\/2022\/wp-json\/wp\/v2\/pages\/171","targetHints":{"allow":["GET"]}}],"collection":[{"href":"https:\/\/www.congresonacionalcolor.com\/2022\/wp-json\/wp\/v2\/pages"}],"about":[{"href":"https:\/\/www.congresonacionalcolor.com\/2022\/wp-json\/wp\/v2\/types\/page"}],"author":[{"embeddable":true,"href":"https:\/\/www.congresonacionalcolor.com\/2022\/wp-json\/wp\/v2\/users\/1"}],"replies":[{"embeddable":true,"href":"https:\/\/www.congresonacionalcolor.com\/2022\/wp-json\/wp\/v2\/comments?post=171"}],"version-history":[{"count":11,"href":"https:\/\/www.congresonacionalcolor.com\/2022\/wp-json\/wp\/v2\/pages\/171\/revisions"}],"predecessor-version":[{"id":817,"href":"https:\/\/www.congresonacionalcolor.com\/2022\/wp-json\/wp\/v2\/pages\/171\/revisions\/817"}],"wp:attachment":[{"href":"https:\/\/www.congresonacionalcolor.com\/2022\/wp-json\/wp\/v2\/media?parent=171"}],"curies":[{"name":"wp","href":"https:\/\/api.w.org\/{rel}","templated":true}]}}